{"id":465,"date":"2024-03-12T07:59:31","date_gmt":"2024-03-12T10:59:31","guid":{"rendered":"https:\/\/centromedicofarjat.com.ar\/?page_id=465"},"modified":"2024-04-15T10:32:39","modified_gmt":"2024-04-15T13:32:39","slug":"experiencia","status":"publish","type":"page","link":"https:\/\/centromedicofarjat.com.ar\/index.php\/experiencia\/","title":{"rendered":"EXPERIENCIA"},"content":{"rendered":"\t\t<div data-elementor-type=\"wp-page\" data-elementor-id=\"465\" class=\"elementor elementor-465\" data-elementor-post-type=\"page\">\n\t\t\t\t<div class=\"elementor-element elementor-element-5ef41e83 e-flex e-con-boxed e-con e-parent\" data-id=\"5ef41e83\" data-element_type=\"container\" data-settings=\"{&quot;background_background&quot;:&quot;slideshow&quot;,&quot;background_slideshow_gallery&quot;:[{&quot;id&quot;:874,&quot;url&quot;:&quot;https:\\\/\\\/centromedicofarjat.com.ar\\\/wp-content\\\/uploads\\\/2024\\\/03\\\/sucias-manchas-pintura-blanca.jpeg&quot;}],&quot;background_slideshow_loop&quot;:&quot;yes&quot;,&quot;background_slideshow_slide_duration&quot;:5000,&quot;background_slideshow_slide_transition&quot;:&quot;fade&quot;,&quot;background_slideshow_transition_duration&quot;:500}\">\n\t\t\t\t\t<div class=\"e-con-inner\">\n\t\t\t\t<div class=\"elementor-element elementor-element-528eb8f3 animated-slow elementor-invisible elementor-widget elementor-widget-heading\" data-id=\"528eb8f3\" data-element_type=\"widget\" data-settings=\"{&quot;_animation&quot;:&quot;slideInUp&quot;}\" data-widget_type=\"heading.default\">\n\t\t\t\t<div class=\"elementor-widget-container\">\n\t\t\t<style>\/*! elementor - v3.21.0 - 30-04-2024 *\/\n.elementor-heading-title{padding:0;margin:0;line-height:1}.elementor-widget-heading .elementor-heading-title[class*=elementor-size-]>a{color:inherit;font-size:inherit;line-height:inherit}.elementor-widget-heading .elementor-heading-title.elementor-size-small{font-size:15px}.elementor-widget-heading .elementor-heading-title.elementor-size-medium{font-size:19px}.elementor-widget-heading .elementor-heading-title.elementor-size-large{font-size:29px}.elementor-widget-heading .elementor-heading-title.elementor-size-xl{font-size:39px}.elementor-widget-heading .elementor-heading-title.elementor-size-xxl{font-size:59px}<\/style><h2 class=\"elementor-heading-title elementor-size-default\">Dr. El\u00edas Farjat<\/h2>\t\t<\/div>\n\t\t\t\t<\/div>\n\t\t<div class=\"elementor-element elementor-element-22bca585 e-flex e-con-boxed e-con e-child\" data-id=\"22bca585\" data-element_type=\"container\">\n\t\t\t\t\t<div class=\"e-con-inner\">\n\t\t<div class=\"elementor-element elementor-element-17a389e3 animated-slow e-con-full e-flex e-con e-child\" data-id=\"17a389e3\" data-element_type=\"container\" data-settings=\"{&quot;background_background&quot;:&quot;classic&quot;,&quot;animation&quot;:&quot;none&quot;,&quot;animation_delay&quot;:600}\">\n\t\t\t\t<\/div>\n\t\t<div class=\"elementor-element elementor-element-2ddb456e e-con-full e-flex e-con e-child\" data-id=\"2ddb456e\" data-element_type=\"container\">\n\t\t\t\t<div class=\"elementor-element elementor-element-551261a6 elementor-widget elementor-widget-heading\" data-id=\"551261a6\" data-element_type=\"widget\" data-widget_type=\"heading.default\">\n\t\t\t\t<div class=\"elementor-widget-container\">\n\t\t\t<h2 class=\"elementor-heading-title elementor-size-default\">Experiencia<\/h2>\t\t<\/div>\n\t\t\t\t<\/div>\n\t\t\t\t<div class=\"elementor-element elementor-element-6e6ba01 elementor-widget elementor-widget-text-editor\" data-id=\"6e6ba01\" data-element_type=\"widget\" data-widget_type=\"text-editor.default\">\n\t\t\t\t<div class=\"elementor-widget-container\">\n\t\t\t<style>\/*! elementor - v3.21.0 - 30-04-2024 *\/\n.elementor-widget-text-editor.elementor-drop-cap-view-stacked .elementor-drop-cap{background-color:#69727d;color:#fff}.elementor-widget-text-editor.elementor-drop-cap-view-framed .elementor-drop-cap{color:#69727d;border:3px solid;background-color:transparent}.elementor-widget-text-editor:not(.elementor-drop-cap-view-default) .elementor-drop-cap{margin-top:8px}.elementor-widget-text-editor:not(.elementor-drop-cap-view-default) .elementor-drop-cap-letter{width:1em;height:1em}.elementor-widget-text-editor .elementor-drop-cap{float:left;text-align:center;line-height:1;font-size:50px}.elementor-widget-text-editor .elementor-drop-cap-letter{display:inline-block}<\/style>\t\t\t\t<ul><li>Centro M\u00e9dico Farjat. Director M\u00e9dico. Cirug\u00eda Pl\u00e1stica &amp; Capilar.\u00a0 2021- Actualidad<\/li><li>Asociaci\u00f3n Internacional de Cl\u00ednica Est\u00e9tica. AICER. Cirujano Pl\u00e1stico (Atenci\u00f3n de tratamientos est\u00e9ticos, capilares y controles post-quir\u00fargicos). 2019-2022<\/li><li>Hair Solutions. Cirujano Pl\u00e1stico &#8211; Cirug\u00eda &amp; Medicina Capilar. 2019-2020<\/li><li>Hospital Argerich. Carrera de especialista en Cirug\u00eda Pl\u00e1stica y Reconstructiva. 2016-2019<\/li><li>Hair Recovery. Cirujano Pl\u00e1stico Medicina y Cirug\u00eda Capilar. 2017-2019<\/li><li>Hospital Sof\u00eda Terrero Santamarina. Cirujano General. Atenci\u00f3n de patolog\u00edas quir\u00fargicas de urgencia. 2016-2017<\/li><li>Climedic-Cl\u00ednica Privada. Cirujano General. Cirug\u00edas programadas. 2015-2016<\/li><li>Hospital Interzonal de Agudos Evita Lan\u00fas. Residencia y Jefatura de residentes de Cirug\u00eda General. 2011-2016<\/li><li>Sanatorio El Carmen. M\u00e9dico de guardia. 2011<\/li><\/ul>\t\t\t\t\t\t<\/div>\n\t\t\t\t<\/div>\n\t\t\t\t<div class=\"elementor-element elementor-element-e13b446 animated-slow elementor-widget elementor-widget-heading\" data-id=\"e13b446\" data-element_type=\"widget\" data-settings=\"{&quot;_animation&quot;:&quot;none&quot;}\" data-widget_type=\"heading.default\">\n\t\t\t\t<div class=\"elementor-widget-container\">\n\t\t\t<h2 class=\"elementor-heading-title elementor-size-default\">Presentaci\u00f3n de trabajos en congresos y revistas<\/h2>\t\t<\/div>\n\t\t\t\t<\/div>\n\t\t\t\t<div class=\"elementor-element elementor-element-f397d1a elementor-widget elementor-widget-text-editor\" data-id=\"f397d1a\" data-element_type=\"widget\" data-widget_type=\"text-editor.default\">\n\t\t\t\t<div class=\"elementor-widget-container\">\n\t\t\t\t\t\t\t<ul>\n<li>Speaker en Jornada de Tricolog\u00eda y Salud Capilar Dr. Miguel Marti &#8211; TRICOMED III Edici\u00f3n 2023.<\/li>\n<\/ul>\t\t\t\t\t\t<\/div>\n\t\t\t\t<\/div>\n\t\t\t\t<div class=\"elementor-element elementor-element-01a9291 elementor-mobile-align-left elementor-widget elementor-widget-button\" data-id=\"01a9291\" data-element_type=\"widget\" data-widget_type=\"button.default\">\n\t\t\t\t<div class=\"elementor-widget-container\">\n\t\t\t\t\t<div class=\"elementor-button-wrapper\">\n\t\t\t<a class=\"elementor-button elementor-button-link elementor-size-md\" href=\"https:\/\/centromedicofarjat.com.ar\/\" rel=\"nofollow\">\n\t\t\t\t\t\t<span class=\"elementor-button-content-wrapper\">\n\t\t\t\t\t\t<span class=\"elementor-button-icon elementor-align-icon-left\">\n\t\t\t\t<svg aria-hidden=\"true\" class=\"e-font-icon-svg e-fas-home\" viewBox=\"0 0 576 512\" xmlns=\"http:\/\/www.w3.org\/2000\/svg\"><path d=\"M280.37 148.26L96 300.11V464a16 16 0 0 0 16 16l112.06-.29a16 16 0 0 0 15.92-16V368a16 16 0 0 1 16-16h64a16 16 0 0 1 16 16v95.64a16 16 0 0 0 16 16.05L464 480a16 16 0 0 0 16-16V300L295.67 148.26a12.19 12.19 0 0 0-15.3 0zM571.6 251.47L488 182.56V44.05a12 12 0 0 0-12-12h-56a12 12 0 0 0-12 12v72.61L318.47 43a48 48 0 0 0-61 0L4.34 251.47a12 12 0 0 0-1.6 16.9l25.5 31A12 12 0 0 0 45.15 301l235.22-193.74a12.19 12.19 0 0 1 15.3 0L530.9 301a12 12 0 0 0 16.9-1.6l25.5-31a12 12 0 0 0-1.7-16.93z\"><\/path><\/svg>\t\t\t<\/span>\n\t\t\t\t\t\t\t\t\t<span class=\"elementor-button-text\">Volver al Home<\/span>\n\t\t\t\t\t<\/span>\n\t\t\t\t\t<\/a>\n\t\t<\/div>\n\t\t\t\t<\/div>\n\t\t\t\t<\/div>\n\t\t\t\t<\/div>\n\t\t\t\t\t<\/div>\n\t\t\t\t<\/div>\n\t\t\t\t\t<\/div>\n\t\t\t\t<\/div>\n\t\t\t\t<\/div>\n\t\t","protected":false},"excerpt":{"rendered":"<p>Dr. El\u00edas Farjat Experiencia Centro M\u00e9dico Farjat. Director M\u00e9dico. Cirug\u00eda Pl\u00e1stica &amp; Capilar.\u00a0 2021- Actualidad Asociaci\u00f3n Internacional de Cl\u00ednica Est\u00e9tica. AICER. Cirujano Pl\u00e1stico (Atenci\u00f3n de tratamientos est\u00e9ticos, capilares y controles post-quir\u00fargicos). 2019-2022 Hair Solutions. Cirujano Pl\u00e1stico &#8211; Cirug\u00eda &amp; Medicina Capilar. 2019-2020 Hospital Argerich. Carrera de especialista en Cirug\u00eda Pl\u00e1stica y Reconstructiva. 2016-2019 Hair Recovery. [&hellip;]<\/p>\n","protected":false},"author":1,"featured_media":0,"parent":0,"menu_order":0,"comment_status":"closed","ping_status":"closed","template":"","meta":{"footnotes":""},"yoast_head":"<!-- This site is optimized with the Yoast SEO Premium plugin v21.7 (Yoast SEO v22.6) - https:\/\/yoast.com\/wordpress\/plugins\/seo\/ -->\n<title>EXPERIENCIA - Centro M\u00e9dico Farjat<\/title>\n<meta name=\"robots\" content=\"index, follow, max-snippet:-1, max-image-preview:large, max-video-preview:-1\" \/>\n<link rel=\"canonical\" href=\"https:\/\/centromedicofarjat.com.ar\/index.php\/experiencia\/\" \/>\n<meta property=\"og:locale\" content=\"es_ES\" \/>\n<meta property=\"og:type\" content=\"article\" \/>\n<meta property=\"og:title\" content=\"EXPERIENCIA\" \/>\n<meta property=\"og:description\" content=\"Dr. El\u00edas Farjat Experiencia Centro M\u00e9dico Farjat. Director M\u00e9dico. Cirug\u00eda Pl\u00e1stica &amp; Capilar.\u00a0 2021- Actualidad Asociaci\u00f3n Internacional de Cl\u00ednica Est\u00e9tica. AICER. Cirujano Pl\u00e1stico (Atenci\u00f3n de tratamientos est\u00e9ticos, capilares y controles post-quir\u00fargicos). 2019-2022 Hair Solutions. Cirujano Pl\u00e1stico &#8211; Cirug\u00eda &amp; Medicina Capilar. 2019-2020 Hospital Argerich. Carrera de especialista en Cirug\u00eda Pl\u00e1stica y Reconstructiva. 2016-2019 Hair Recovery. [&hellip;]\" \/>\n<meta property=\"og:url\" content=\"https:\/\/centromedicofarjat.com.ar\/index.php\/experiencia\/\" \/>\n<meta property=\"og:site_name\" content=\"Centro M\u00e9dico Farjat\" \/>\n<meta property=\"article:modified_time\" content=\"2024-04-15T13:32:39+00:00\" \/>\n<meta property=\"og:image\" content=\"https:\/\/centromedicofarjat.com.ar\/wp-content\/uploads\/2024\/02\/cropped-LOGO-CMFARJAT-DN_SIN-FONDO.png\" \/>\n\t<meta property=\"og:image:width\" content=\"512\" \/>\n\t<meta property=\"og:image:height\" content=\"512\" \/>\n\t<meta property=\"og:image:type\" content=\"image\/png\" \/>\n<meta name=\"twitter:card\" content=\"summary_large_image\" \/>\n<meta name=\"twitter:label1\" content=\"Tiempo de lectura\" \/>\n\t<meta name=\"twitter:data1\" content=\"1 minuto\" \/>\n<script type=\"application\/ld+json\" class=\"yoast-schema-graph\">{\"@context\":\"https:\/\/schema.org\",\"@graph\":[{\"@type\":\"WebPage\",\"@id\":\"https:\/\/centromedicofarjat.com.ar\/index.php\/experiencia\/\",\"url\":\"https:\/\/centromedicofarjat.com.ar\/index.php\/experiencia\/\",\"name\":\"EXPERIENCIA - Centro M\u00e9dico Farjat\",\"isPartOf\":{\"@id\":\"https:\/\/centromedicofarjat.com.ar\/#website\"},\"datePublished\":\"2024-03-12T10:59:31+00:00\",\"dateModified\":\"2024-04-15T13:32:39+00:00\",\"breadcrumb\":{\"@id\":\"https:\/\/centromedicofarjat.com.ar\/index.php\/experiencia\/#breadcrumb\"},\"inLanguage\":\"es-AR\",\"potentialAction\":[{\"@type\":\"ReadAction\",\"target\":[\"https:\/\/centromedicofarjat.com.ar\/index.php\/experiencia\/\"]}]},{\"@type\":\"BreadcrumbList\",\"@id\":\"https:\/\/centromedicofarjat.com.ar\/index.php\/experiencia\/#breadcrumb\",\"itemListElement\":[{\"@type\":\"ListItem\",\"position\":1,\"name\":\"Inicio\",\"item\":\"https:\/\/centromedicofarjat.com.ar\/\"},{\"@type\":\"ListItem\",\"position\":2,\"name\":\"EXPERIENCIA\"}]},{\"@type\":\"WebSite\",\"@id\":\"https:\/\/centromedicofarjat.com.ar\/#website\",\"url\":\"https:\/\/centromedicofarjat.com.ar\/\",\"name\":\"Centro M\u00e9dico Farjat\",\"description\":\"DR. EL\u00cdAS FARJAT - Cirugi\u0301a Pl\u00e1stica - Cirug\u00eda Capilar - Medicina Este\u0301tica - Cirug\u00eda en General - Rodr\u00edguez Pe\u00f1a 545, CABA.\",\"publisher\":{\"@id\":\"https:\/\/centromedicofarjat.com.ar\/#organization\"},\"alternateName\":\"FARJAT\",\"potentialAction\":[{\"@type\":\"SearchAction\",\"target\":{\"@type\":\"EntryPoint\",\"urlTemplate\":\"https:\/\/centromedicofarjat.com.ar\/?s={search_term_string}\"},\"query-input\":\"required name=search_term_string\"}],\"inLanguage\":\"es-AR\"},{\"@type\":[\"Organization\",\"Place\"],\"@id\":\"https:\/\/centromedicofarjat.com.ar\/#organization\",\"name\":\"Centro M\u00e9dico Farjar\",\"alternateName\":\"Dr. El\u00edas Farjat\",\"url\":\"https:\/\/centromedicofarjat.com.ar\/\",\"logo\":{\"@id\":\"https:\/\/centromedicofarjat.com.ar\/index.php\/experiencia\/#local-main-organization-logo\"},\"image\":{\"@id\":\"https:\/\/centromedicofarjat.com.ar\/index.php\/experiencia\/#local-main-organization-logo\"},\"telephone\":[],\"openingHoursSpecification\":[{\"@type\":\"OpeningHoursSpecification\",\"dayOfWeek\":[\"Monday\",\"Tuesday\",\"Wednesday\",\"Thursday\",\"Friday\",\"Saturday\",\"Sunday\"],\"opens\":\"09:00\",\"closes\":\"17:00\"}]},{\"@type\":\"ImageObject\",\"inLanguage\":\"es-AR\",\"@id\":\"https:\/\/centromedicofarjat.com.ar\/index.php\/experiencia\/#local-main-organization-logo\",\"url\":\"https:\/\/centromedicofarjat.com.ar\/wp-content\/uploads\/2024\/02\/cropped-LOGO-CMFARJAT-DN_SIN-FONDO-1.png\",\"contentUrl\":\"https:\/\/centromedicofarjat.com.ar\/wp-content\/uploads\/2024\/02\/cropped-LOGO-CMFARJAT-DN_SIN-FONDO-1.png\",\"width\":1251,\"height\":541,\"caption\":\"Centro M\u00e9dico Farjar\"}]}<\/script>\n<!-- \/ Yoast SEO Premium plugin. -->","yoast_head_json":{"title":"EXPERIENCIA - Centro M\u00e9dico Farjat","robots":{"index":"index","follow":"follow","max-snippet":"max-snippet:-1","max-image-preview":"max-image-preview:large","max-video-preview":"max-video-preview:-1"},"canonical":"https:\/\/centromedicofarjat.com.ar\/index.php\/experiencia\/","og_locale":"es_ES","og_type":"article","og_title":"EXPERIENCIA","og_description":"Dr. El\u00edas Farjat Experiencia Centro M\u00e9dico Farjat. Director M\u00e9dico. Cirug\u00eda Pl\u00e1stica &amp; Capilar.\u00a0 2021- Actualidad Asociaci\u00f3n Internacional de Cl\u00ednica Est\u00e9tica. AICER. Cirujano Pl\u00e1stico (Atenci\u00f3n de tratamientos est\u00e9ticos, capilares y controles post-quir\u00fargicos). 2019-2022 Hair Solutions. Cirujano Pl\u00e1stico &#8211; Cirug\u00eda &amp; Medicina Capilar. 2019-2020 Hospital Argerich. Carrera de especialista en Cirug\u00eda Pl\u00e1stica y Reconstructiva. 2016-2019 Hair Recovery. [&hellip;]","og_url":"https:\/\/centromedicofarjat.com.ar\/index.php\/experiencia\/","og_site_name":"Centro M\u00e9dico Farjat","article_modified_time":"2024-04-15T13:32:39+00:00","og_image":[{"width":512,"height":512,"url":"https:\/\/centromedicofarjat.com.ar\/wp-content\/uploads\/2024\/02\/cropped-LOGO-CMFARJAT-DN_SIN-FONDO.png","type":"image\/png"}],"twitter_card":"summary_large_image","twitter_misc":{"Tiempo de lectura":"1 minuto"},"schema":{"@context":"https:\/\/schema.org","@graph":[{"@type":"WebPage","@id":"https:\/\/centromedicofarjat.com.ar\/index.php\/experiencia\/","url":"https:\/\/centromedicofarjat.com.ar\/index.php\/experiencia\/","name":"EXPERIENCIA - Centro M\u00e9dico Farjat","isPartOf":{"@id":"https:\/\/centromedicofarjat.com.ar\/#website"},"datePublished":"2024-03-12T10:59:31+00:00","dateModified":"2024-04-15T13:32:39+00:00","breadcrumb":{"@id":"https:\/\/centromedicofarjat.com.ar\/index.php\/experiencia\/#breadcrumb"},"inLanguage":"es-AR","potentialAction":[{"@type":"ReadAction","target":["https:\/\/centromedicofarjat.com.ar\/index.php\/experiencia\/"]}]},{"@type":"BreadcrumbList","@id":"https:\/\/centromedicofarjat.com.ar\/index.php\/experiencia\/#breadcrumb","itemListElement":[{"@type":"ListItem","position":1,"name":"Inicio","item":"https:\/\/centromedicofarjat.com.ar\/"},{"@type":"ListItem","position":2,"name":"EXPERIENCIA"}]},{"@type":"WebSite","@id":"https:\/\/centromedicofarjat.com.ar\/#website","url":"https:\/\/centromedicofarjat.com.ar\/","name":"Centro M\u00e9dico Farjat","description":"DR. EL\u00cdAS FARJAT - Cirugi\u0301a Pl\u00e1stica - Cirug\u00eda Capilar - Medicina Este\u0301tica - Cirug\u00eda en General - Rodr\u00edguez Pe\u00f1a 545, CABA.","publisher":{"@id":"https:\/\/centromedicofarjat.com.ar\/#organization"},"alternateName":"FARJAT","potentialAction":[{"@type":"SearchAction","target":{"@type":"EntryPoint","urlTemplate":"https:\/\/centromedicofarjat.com.ar\/?s={search_term_string}"},"query-input":"required name=search_term_string"}],"inLanguage":"es-AR"},{"@type":["Organization","Place"],"@id":"https:\/\/centromedicofarjat.com.ar\/#organization","name":"Centro M\u00e9dico Farjar","alternateName":"Dr. El\u00edas Farjat","url":"https:\/\/centromedicofarjat.com.ar\/","logo":{"@id":"https:\/\/centromedicofarjat.com.ar\/index.php\/experiencia\/#local-main-organization-logo"},"image":{"@id":"https:\/\/centromedicofarjat.com.ar\/index.php\/experiencia\/#local-main-organization-logo"},"telephone":[],"openingHoursSpecification":[{"@type":"OpeningHoursSpecification","dayOfWeek":["Monday","Tuesday","Wednesday","Thursday","Friday","Saturday","Sunday"],"opens":"09:00","closes":"17:00"}]},{"@type":"ImageObject","inLanguage":"es-AR","@id":"https:\/\/centromedicofarjat.com.ar\/index.php\/experiencia\/#local-main-organization-logo","url":"https:\/\/centromedicofarjat.com.ar\/wp-content\/uploads\/2024\/02\/cropped-LOGO-CMFARJAT-DN_SIN-FONDO-1.png","contentUrl":"https:\/\/centromedicofarjat.com.ar\/wp-content\/uploads\/2024\/02\/cropped-LOGO-CMFARJAT-DN_SIN-FONDO-1.png","width":1251,"height":541,"caption":"Centro M\u00e9dico Farjar"}]}},"_links":{"self":[{"href":"https:\/\/centromedicofarjat.com.ar\/index.php\/wp-json\/wp\/v2\/pages\/465"}],"collection":[{"href":"https:\/\/centromedicofarjat.com.ar\/index.php\/wp-json\/wp\/v2\/pages"}],"about":[{"href":"https:\/\/centromedicofarjat.com.ar\/index.php\/wp-json\/wp\/v2\/types\/page"}],"author":[{"embeddable":true,"href":"https:\/\/centromedicofarjat.com.ar\/index.php\/wp-json\/wp\/v2\/users\/1"}],"replies":[{"embeddable":true,"href":"https:\/\/centromedicofarjat.com.ar\/index.php\/wp-json\/wp\/v2\/comments?post=465"}],"version-history":[{"count":38,"href":"https:\/\/centromedicofarjat.com.ar\/index.php\/wp-json\/wp\/v2\/pages\/465\/revisions"}],"predecessor-version":[{"id":1111,"href":"https:\/\/centromedicofarjat.com.ar\/index.php\/wp-json\/wp\/v2\/pages\/465\/revisions\/1111"}],"wp:attachment":[{"href":"https:\/\/centromedicofarjat.com.ar\/index.php\/wp-json\/wp\/v2\/media?parent=465"}],"curies":[{"name":"wp","href":"https:\/\/api.w.org\/{rel}","templated":true}]}}